{"id":6088,"date":"2024-10-18T07:50:36","date_gmt":"2024-10-18T05:50:36","guid":{"rendered":"https:\/\/morphstudio.eu\/gallery\/"},"modified":"2026-03-05T08:24:12","modified_gmt":"2026-03-05T07:24:12","slug":"gallery","status":"publish","type":"page","link":"https:\/\/morphstudio.eu\/en\/gallery\/","title":{"rendered":"Gallery"},"content":{"rendered":"\t\t<div data-elementor-type=\"wp-page\" data-elementor-id=\"6088\" class=\"elementor elementor-6088 elementor-2309\" data-elementor-post-type=\"page\">\n\t\t\t\t<div class=\"elementor-element elementor-element-2b1b529 e-con-full e-flex e-con e-parent\" data-id=\"2b1b529\" data-element_type=\"container\" data-e-type=\"container\" data-settings=\"{&quot;animation&quot;:&quot;none&quot;,&quot;background_background&quot;:&quot;classic&quot;}\">\n\t\t\t\t<div class=\"elementor-element elementor-element-ffda420 elementor-widget elementor-widget-gallery\" data-id=\"ffda420\" data-element_type=\"widget\" data-e-type=\"widget\" data-settings=\"{&quot;gallery_layout&quot;:&quot;masonry&quot;,&quot;columns&quot;:2,&quot;gap&quot;:{&quot;unit&quot;:&quot;px&quot;,&quot;size&quot;:0,&quot;sizes&quot;:[]},&quot;url&quot;:{&quot;url&quot;:&quot;https:\\\/\\\/morphstudio.eu\\\/en\\\/shop\\\/&quot;,&quot;is_external&quot;:&quot;&quot;,&quot;nofollow&quot;:&quot;&quot;,&quot;custom_attributes&quot;:&quot;&quot;},&quot;link_to&quot;:&quot;custom&quot;,&quot;lazyload&quot;:&quot;yes&quot;,&quot;columns_tablet&quot;:2,&quot;columns_mobile&quot;:1,&quot;gap_tablet&quot;:{&quot;unit&quot;:&quot;px&quot;,&quot;size&quot;:10,&quot;sizes&quot;:[]},&quot;gap_mobile&quot;:{&quot;unit&quot;:&quot;px&quot;,&quot;size&quot;:10,&quot;sizes&quot;:[]},&quot;content_hover_animation&quot;:&quot;fade-in&quot;}\" data-widget_type=\"gallery.default\">\n\t\t\t\t<div class=\"elementor-widget-container\">\n\t\t\t\t\t\t\t<div class=\"elementor-gallery__container\">\n\t\t\t\t\t\t\t<a class=\"e-gallery-item elementor-gallery-item elementor-animated-content\" href=\"https:\/\/morphstudio.eu\/en\/shop\/\">\n\t\t\t\t\t<div class=\"e-gallery-image elementor-gallery-item__image\" data-thumbnail=\"https:\/\/morphstudio.eu\/wp-content\/uploads\/2024\/11\/Morph-Studio-Gallery-Latex-Trenchcoat.jpg\" data-width=\"960\" data-height=\"1200\" aria-label=\"Morph Studio Gallery Latex Trench Coat\" role=\"img\" ><\/div>\n\t\t\t\t\t\t\t\t\t\t\t\t\t\t<\/a>\n\t\t\t\t\t\t\t<a class=\"e-gallery-item elementor-gallery-item elementor-animated-content\" href=\"https:\/\/morphstudio.eu\/en\/shop\/\">\n\t\t\t\t\t<div class=\"e-gallery-image elementor-gallery-item__image\" data-thumbnail=\"https:\/\/morphstudio.eu\/wp-content\/uploads\/2024\/11\/Morph-Studio-Gallery-Abendkleid-aus-Latex.jpg\" data-width=\"960\" data-height=\"1200\" aria-label=\"Morph Studio Gallery Latex Evening Dress\" role=\"img\" ><\/div>\n\t\t\t\t\t\t\t\t\t\t\t\t\t\t<\/a>\n\t\t\t\t\t\t\t<a class=\"e-gallery-item elementor-gallery-item elementor-animated-content\" href=\"https:\/\/morphstudio.eu\/en\/shop\/\">\n\t\t\t\t\t<div class=\"e-gallery-image elementor-gallery-item__image\" data-thumbnail=\"https:\/\/morphstudio.eu\/wp-content\/uploads\/2024\/11\/Morph-Studio-Gallery-Abendkleid-aus-Latex-mit-Kappe.jpg\" data-width=\"960\" data-height=\"1200\" aria-label=\"Morph Studio Gallery Latex Evening Dress with Cap\" role=\"img\" ><\/div>\n\t\t\t\t\t\t\t\t\t\t\t\t\t\t<\/a>\n\t\t\t\t\t\t\t<a class=\"e-gallery-item elementor-gallery-item elementor-animated-content\" href=\"https:\/\/morphstudio.eu\/en\/shop\/\">\n\t\t\t\t\t<div class=\"e-gallery-image elementor-gallery-item__image\" data-thumbnail=\"https:\/\/morphstudio.eu\/wp-content\/uploads\/2024\/11\/Morph-Studio-Gallery-Frau-mit-Latex-Kappe.jpg\" data-width=\"960\" data-height=\"1200\" aria-label=\"Morph Studio Gallery Woman with Latex Cap\" role=\"img\" ><\/div>\n\t\t\t\t\t\t\t\t\t\t\t\t\t\t<\/a>\n\t\t\t\t\t\t\t<a class=\"e-gallery-item elementor-gallery-item elementor-animated-content\" href=\"https:\/\/morphstudio.eu\/en\/shop\/\">\n\t\t\t\t\t<div class=\"e-gallery-image elementor-gallery-item__image\" data-thumbnail=\"https:\/\/morphstudio.eu\/wp-content\/uploads\/2024\/11\/Morph-Studio-Gallery-Latex-Schlaghose-mit-Latex-Corsage.jpg\" data-width=\"960\" data-height=\"1200\" aria-label=\"Morph Studio Gallery Latex Flare Pants with Latex Corset\" role=\"img\" ><\/div>\n\t\t\t\t\t\t\t\t\t\t\t\t\t\t<\/a>\n\t\t\t\t\t\t\t<a class=\"e-gallery-item elementor-gallery-item elementor-animated-content\" href=\"https:\/\/morphstudio.eu\/en\/shop\/\">\n\t\t\t\t\t<div class=\"e-gallery-image elementor-gallery-item__image\" data-thumbnail=\"https:\/\/morphstudio.eu\/wp-content\/uploads\/2024\/11\/Morph-Studio-Gallery-Kappe-mit-Latex-Abendkleid.jpg\" data-width=\"960\" data-height=\"1200\" aria-label=\"Morph Studio Gallery Cap with Latex Evening Dress\" role=\"img\" ><\/div>\n\t\t\t\t\t\t\t\t\t\t\t\t\t\t<\/a>\n\t\t\t\t\t\t\t<a class=\"e-gallery-item elementor-gallery-item elementor-animated-content\" href=\"https:\/\/morphstudio.eu\/en\/shop\/\">\n\t\t\t\t\t<div class=\"e-gallery-image elementor-gallery-item__image\" data-thumbnail=\"https:\/\/morphstudio.eu\/wp-content\/uploads\/2024\/11\/Morph-Studio-Gallery-drapiertes-halbtransparentes-Latex-Abendkleid.jpg\" data-width=\"960\" data-height=\"1200\" aria-label=\"Morph Studio Gallery Draped Semi-Transparent Latex Evening Dress\" role=\"img\" ><\/div>\n\t\t\t\t\t\t\t\t\t\t\t\t\t\t<\/a>\n\t\t\t\t\t\t\t<a class=\"e-gallery-item elementor-gallery-item elementor-animated-content\" href=\"https:\/\/morphstudio.eu\/en\/shop\/\">\n\t\t\t\t\t<div class=\"e-gallery-image elementor-gallery-item__image\" data-thumbnail=\"https:\/\/morphstudio.eu\/wp-content\/uploads\/2024\/11\/Morph-Studio-Gallery-Latex-Trenchcoat-und-Kappe.jpg\" data-width=\"960\" data-height=\"1200\" aria-label=\"Morph Studio Gallery Latex Trench Coat and Cap\" role=\"img\" ><\/div>\n\t\t\t\t\t\t\t\t\t\t\t\t\t\t<\/a>\n\t\t\t\t\t\t\t<a class=\"e-gallery-item elementor-gallery-item elementor-animated-content\" href=\"https:\/\/morphstudio.eu\/en\/shop\/\">\n\t\t\t\t\t<div class=\"e-gallery-image elementor-gallery-item__image\" data-thumbnail=\"https:\/\/morphstudio.eu\/wp-content\/uploads\/2024\/11\/Morph-Studio-Gallery-Latex-Trenchcoat-mit-Kappe.jpg\" data-width=\"960\" data-height=\"1200\" aria-label=\"Morph Studio Gallery Latex Trench Coat\" role=\"img\" ><\/div>\n\t\t\t\t\t\t\t\t\t\t\t\t\t\t<\/a>\n\t\t\t\t\t\t\t<a class=\"e-gallery-item elementor-gallery-item elementor-animated-content\" href=\"https:\/\/morphstudio.eu\/en\/shop\/\">\n\t\t\t\t\t<div class=\"e-gallery-image elementor-gallery-item__image\" data-thumbnail=\"https:\/\/morphstudio.eu\/wp-content\/uploads\/2024\/11\/Morph-Studio-Gallery-Latex-Tank-Top-und-Cut-out-Schlaghose.jpg\" data-width=\"960\" data-height=\"1200\" aria-label=\"Morph Studio Gallery Latex Tank Top and Cut-out Flare Pants\" role=\"img\" ><\/div>\n\t\t\t\t\t\t\t\t\t\t\t\t\t\t<\/a>\n\t\t\t\t\t\t\t<a class=\"e-gallery-item elementor-gallery-item elementor-animated-content\" href=\"https:\/\/morphstudio.eu\/en\/shop\/\">\n\t\t\t\t\t<div class=\"e-gallery-image elementor-gallery-item__image\" data-thumbnail=\"https:\/\/morphstudio.eu\/wp-content\/uploads\/2024\/11\/Morph-Studio-Gallery-Latex-Schlaghose.jpg\" data-width=\"960\" data-height=\"1200\" aria-label=\"Morph Studio Gallery Latex Flare Pants\" role=\"img\" ><\/div>\n\t\t\t\t\t\t\t\t\t\t\t\t\t\t<\/a>\n\t\t\t\t\t\t\t<a class=\"e-gallery-item elementor-gallery-item elementor-animated-content\" href=\"https:\/\/morphstudio.eu\/en\/shop\/\">\n\t\t\t\t\t<div class=\"e-gallery-image elementor-gallery-item__image\" data-thumbnail=\"https:\/\/morphstudio.eu\/wp-content\/uploads\/2024\/11\/Morph-Studio-Gallery-Kappe.jpg\" data-width=\"960\" data-height=\"1200\" aria-label=\"Morph Studio Gallery Latex Cap\" role=\"img\" ><\/div>\n\t\t\t\t\t\t\t\t\t\t\t\t\t\t<\/a>\n\t\t\t\t\t\t\t<a class=\"e-gallery-item elementor-gallery-item elementor-animated-content\" href=\"https:\/\/morphstudio.eu\/en\/shop\/\">\n\t\t\t\t\t<div class=\"e-gallery-image elementor-gallery-item__image\" data-thumbnail=\"https:\/\/morphstudio.eu\/wp-content\/uploads\/2024\/11\/Morph-Studio-Gallery-drapiertes-Latex-Abendkleid.jpg\" data-width=\"960\" data-height=\"1200\" aria-label=\"Morph Studio Gallery Draped Latex Evening Dress\" role=\"img\" ><\/div>\n\t\t\t\t\t\t\t\t\t\t\t\t\t\t<\/a>\n\t\t\t\t\t\t\t<a class=\"e-gallery-item elementor-gallery-item elementor-animated-content\" href=\"https:\/\/morphstudio.eu\/en\/shop\/\">\n\t\t\t\t\t<div class=\"e-gallery-image elementor-gallery-item__image\" data-thumbnail=\"https:\/\/morphstudio.eu\/wp-content\/uploads\/2024\/11\/Morph-Studio-Gallery-Latex-Rock.jpg\" data-width=\"960\" data-height=\"1200\" aria-label=\"Morph Studio Gallery Latex Skirt\" role=\"img\" ><\/div>\n\t\t\t\t\t\t\t\t\t\t\t\t\t\t<\/a>\n\t\t\t\t\t\t\t<a class=\"e-gallery-item elementor-gallery-item elementor-animated-content\" href=\"https:\/\/morphstudio.eu\/en\/shop\/\">\n\t\t\t\t\t<div class=\"e-gallery-image elementor-gallery-item__image\" data-thumbnail=\"https:\/\/morphstudio.eu\/wp-content\/uploads\/2024\/11\/Morph-Studio-Gallery-Latex-Kappe.jpg\" data-width=\"960\" data-height=\"1200\" aria-label=\"Morph Studio Gallery Cap\" role=\"img\" ><\/div>\n\t\t\t\t\t\t\t\t\t\t\t\t\t\t<\/a>\n\t\t\t\t\t\t\t<a class=\"e-gallery-item elementor-gallery-item elementor-animated-content\" href=\"https:\/\/morphstudio.eu\/en\/shop\/\">\n\t\t\t\t\t<div class=\"e-gallery-image elementor-gallery-item__image\" data-thumbnail=\"https:\/\/morphstudio.eu\/wp-content\/uploads\/2024\/11\/Morph-Studio-Gallery-Latex-Hose-und-Tank-Top-mit-Kappe.jpg\" data-width=\"960\" data-height=\"1200\" aria-label=\"Morph Studio Gallery Latex Pants and Tank Top with Cap\" role=\"img\" ><\/div>\n\t\t\t\t\t\t\t\t\t\t\t\t\t\t<\/a>\n\t\t\t\t\t\t\t<a class=\"e-gallery-item elementor-gallery-item elementor-animated-content\" href=\"https:\/\/morphstudio.eu\/en\/shop\/\">\n\t\t\t\t\t<div class=\"e-gallery-image elementor-gallery-item__image\" data-thumbnail=\"https:\/\/morphstudio.eu\/wp-content\/uploads\/2024\/11\/Morph-Studio-Gallery-Latex-asymetrischer-Wickelroc.jpg\" data-width=\"960\" data-height=\"1200\" aria-label=\"Morph Studio Gallery Asymmetric Latex Wrap Skirt\" role=\"img\" ><\/div>\n\t\t\t\t\t\t\t\t\t\t\t\t\t\t<\/a>\n\t\t\t\t\t\t\t<a class=\"e-gallery-item elementor-gallery-item elementor-animated-content\" href=\"https:\/\/morphstudio.eu\/en\/shop\/\">\n\t\t\t\t\t<div class=\"e-gallery-image elementor-gallery-item__image\" data-thumbnail=\"https:\/\/morphstudio.eu\/wp-content\/uploads\/2024\/11\/Morph-Studio-Gallery-Latex-Abendkleid-mit-Kappe.jpg\" data-width=\"960\" data-height=\"1200\" aria-label=\"Morph Studio Gallery Latex Evening Dress with Cap\" role=\"img\" ><\/div>\n\t\t\t\t\t\t\t\t\t\t\t\t\t\t<\/a>\n\t\t\t\t\t\t\t<a class=\"e-gallery-item elementor-gallery-item elementor-animated-content\" href=\"https:\/\/morphstudio.eu\/en\/shop\/\">\n\t\t\t\t\t<div class=\"e-gallery-image elementor-gallery-item__image\" data-thumbnail=\"https:\/\/morphstudio.eu\/wp-content\/uploads\/2024\/11\/Morph-Studio-Gallery-Kappe-und-Abenkleid-aus-Latex.jpg\" data-width=\"960\" data-height=\"1200\" aria-label=\"Morph Studio Gallery Cap with Latex Evening Dress\" role=\"img\" ><\/div>\n\t\t\t\t\t\t\t\t\t\t\t\t\t\t<\/a>\n\t\t\t\t\t\t\t<a class=\"e-gallery-item elementor-gallery-item elementor-animated-content\" href=\"https:\/\/morphstudio.eu\/en\/shop\/\">\n\t\t\t\t\t<div class=\"e-gallery-image elementor-gallery-item__image\" data-thumbnail=\"https:\/\/morphstudio.eu\/wp-content\/uploads\/2024\/11\/Morph-Studio-Gallery-Latex-Tasche-und-Latex-Rock.jpg\" data-width=\"960\" data-height=\"1200\" aria-label=\"Morph Studio Gallery Latex Bag and Latex Skirt\" role=\"img\" ><\/div>\n\t\t\t\t\t\t\t\t\t\t\t\t\t\t<\/a>\n\t\t\t\t\t\t\t<a class=\"e-gallery-item elementor-gallery-item elementor-animated-content\" href=\"https:\/\/morphstudio.eu\/en\/shop\/\">\n\t\t\t\t\t<div class=\"e-gallery-image elementor-gallery-item__image\" data-thumbnail=\"https:\/\/morphstudio.eu\/wp-content\/uploads\/2024\/11\/Morph-Studio-Gallery-Latex-Rock-mit-Schnallen.jpg\" data-width=\"960\" data-height=\"1200\" aria-label=\"Morph Studio Gallery Latex Skirt with Buckles\" role=\"img\" ><\/div>\n\t\t\t\t\t\t\t\t\t\t\t\t\t\t<\/a>\n\t\t\t\t\t\t\t<a class=\"e-gallery-item elementor-gallery-item elementor-animated-content\" href=\"https:\/\/morphstudio.eu\/en\/shop\/\">\n\t\t\t\t\t<div class=\"e-gallery-image elementor-gallery-item__image\" data-thumbnail=\"https:\/\/morphstudio.eu\/wp-content\/uploads\/2024\/11\/Morph-Studio-Gallery-Abendkleid-aus-Latex-und-Balaclava.jpg\" data-width=\"960\" data-height=\"1200\" aria-label=\"Morph Studio Gallery Latex Evening Dress and Balaclava\" role=\"img\" ><\/div>\n\t\t\t\t\t\t\t\t\t\t\t\t\t\t<\/a>\n\t\t\t\t\t<\/div>\n\t\t\t\t\t<\/div>\n\t\t\t\t<\/div>\n\t\t\t\t<\/div>\n\t\t<div class=\"elementor-element elementor-element-1d24632 e-con-full e-flex e-con e-parent\" data-id=\"1d24632\" data-element_type=\"container\" data-e-type=\"container\" id=\"verzoegertesDiv\" data-settings=\"{&quot;background_background&quot;:&quot;classic&quot;}\">\n\t\t\t\t<div class=\"elementor-element elementor-element-51428a7 elementor-widget elementor-widget-html\" data-id=\"51428a7\" data-element_type=\"widget\" data-e-type=\"widget\" data-widget_type=\"html.default\">\n\t\t\t\t<div class=\"elementor-widget-container\">\n\t\t\t\t\t<script>\/\/ Funktion, die den DIV-Container nach 2 Sekunden anzeigt, falls es kein mobiles Ger\u00e4t ist\n    setTimeout(() => {\n        if (window.innerWidth > 768) { \/\/ Pr\u00fcft, ob die Bildschirmbreite gr\u00f6\u00dfer als 768px ist\n            document.getElementById(\"verzoegertesDiv\").style.display = \"block\";\n        }\n    }, 2000); \/\/ 2000 Millisekunden = 2 Sekunden\n<\/script>\t\t\t\t<\/div>\n\t\t\t\t<\/div>\n\t\t\t\t<div class=\"elementor-element elementor-element-2a4dc6f elementor-widget elementor-widget-image\" data-id=\"2a4dc6f\" data-element_type=\"widget\" data-e-type=\"widget\" data-widget_type=\"image.default\">\n\t\t\t\t<div class=\"elementor-widget-container\">\n\t\t\t\t\t\t\t\t\t\t\t\t\t\t\t\t<a href=\"https:\/\/morphstudio.eu\/en\/shop\/\">\n\t\t\t\t\t\t\t<img loading=\"lazy\" decoding=\"async\" width=\"4320\" height=\"2700\" src=\"https:\/\/morphstudio.eu\/wp-content\/uploads\/2024\/11\/typo_collection_shop_now.png\" class=\"attachment-large size-large wp-image-6055\" alt=\"Typo Collection Shop Now\" \/>\t\t\t\t\t\t\t\t<\/a>\n\t\t\t\t\t\t\t\t\t\t\t\t\t\t\t<\/div>\n\t\t\t\t<\/div>\n\t\t\t\t<\/div>\n\t\t<div class=\"elementor-element elementor-element-5577cee e-con-full elementor-hidden-desktop elementor-hidden-tablet e-flex e-con e-parent\" data-id=\"5577cee\" data-element_type=\"container\" data-e-type=\"container\" data-settings=\"{&quot;background_background&quot;:&quot;classic&quot;}\">\n\t\t\t\t<div class=\"elementor-element elementor-element-56ffe03 elementor-widget elementor-widget-image\" data-id=\"56ffe03\" data-element_type=\"widget\" data-e-type=\"widget\" data-widget_type=\"image.default\">\n\t\t\t\t<div class=\"elementor-widget-container\">\n\t\t\t\t\t\t\t\t\t\t\t\t\t\t\t\t<a href=\"https:\/\/morphstudio.eu\/en\/shop\/\">\n\t\t\t\t\t\t\t<img loading=\"lazy\" decoding=\"async\" width=\"2544\" height=\"1590\" src=\"https:\/\/morphstudio.eu\/wp-content\/uploads\/2024\/11\/Morph-Studio-Logo-Shop-Now-Mobil.png\" class=\"attachment-large size-large wp-image-6112\" alt=\"Morph Studio Logo Shop Now Mobile\" \/>\t\t\t\t\t\t\t\t<\/a>\n\t\t\t\t\t\t\t\t\t\t\t\t\t\t\t<\/div>\n\t\t\t\t<\/div>\n\t\t\t\t<\/div>\n\t\t\t\t<\/div>\n\t\t","protected":false},"excerpt":{"rendered":"","protected":false},"author":2,"featured_media":0,"parent":0,"menu_order":1,"comment_status":"closed","ping_status":"closed","template":"","meta":{"_acf_changed":false,"footnotes":""},"categories":[],"tags":[173],"class_list":["post-6088","page","type-page","status-publish","hentry","tag-bkheader"],"acf":[],"_links":{"self":[{"href":"https:\/\/morphstudio.eu\/en\/wp-json\/wp\/v2\/pages\/6088","targetHints":{"allow":["GET"]}}],"collection":[{"href":"https:\/\/morphstudio.eu\/en\/wp-json\/wp\/v2\/pages"}],"about":[{"href":"https:\/\/morphstudio.eu\/en\/wp-json\/wp\/v2\/types\/page"}],"author":[{"embeddable":true,"href":"https:\/\/morphstudio.eu\/en\/wp-json\/wp\/v2\/users\/2"}],"replies":[{"embeddable":true,"href":"https:\/\/morphstudio.eu\/en\/wp-json\/wp\/v2\/comments?post=6088"}],"version-history":[{"count":1,"href":"https:\/\/morphstudio.eu\/en\/wp-json\/wp\/v2\/pages\/6088\/revisions"}],"predecessor-version":[{"id":6113,"href":"https:\/\/morphstudio.eu\/en\/wp-json\/wp\/v2\/pages\/6088\/revisions\/6113"}],"wp:attachment":[{"href":"https:\/\/morphstudio.eu\/en\/wp-json\/wp\/v2\/media?parent=6088"}],"wp:term":[{"taxonomy":"category","embeddable":true,"href":"https:\/\/morphstudio.eu\/en\/wp-json\/wp\/v2\/categories?post=6088"},{"taxonomy":"post_tag","embeddable":true,"href":"https:\/\/morphstudio.eu\/en\/wp-json\/wp\/v2\/tags?post=6088"}],"curies":[{"name":"wp","href":"https:\/\/api.w.org\/{rel}","templated":true}]}}